{"id":55,"date":"2021-08-13T13:44:01","date_gmt":"2021-08-13T11:44:01","guid":{"rendered":"https:\/\/boutique.luthierdebutant.com\/?page_id=55"},"modified":"2023-10-25T18:18:55","modified_gmt":"2023-10-25T16:18:55","slug":"mentions-legales","status":"publish","type":"page","link":"https:\/\/boutique.luthierdebutant.com\/index.php\/mentions-legales\/","title":{"rendered":"Mentions l\u00e9gales"},"content":{"rendered":"\n<p><strong>Mentions l\u00e9gales<\/strong><\/p>\n\n\n\n<p>En vigueur au 02\/09\/2023<\/p>\n\n\n\n<p>Conform\u00e9ment aux dispositions des Articles 6-III et 19 de la Loi n\u00b02004-575 du 21 juin 2004 pour la Confiance dans l\u2019\u00e9conomie num\u00e9rique, dite L.C.E.N., il est port\u00e9 \u00e0 la connaissance des utilisateurs et visiteurs, ci-apr\u00e8s l&#8221;&#8221;<strong>Utilisateur<\/strong>&#8220;, du site boutique.luthierdebutant.com , ci-apr\u00e8s le &#8220;<strong>Site<\/strong>&#8220;, les pr\u00e9sentes mentions l\u00e9gales.<\/p>\n\n\n\n<p>La connexion et la navigation sur le Site par l\u2019Utilisateur implique acceptation int\u00e9grale et sans r\u00e9serve des pr\u00e9sentes mentions l\u00e9gales.<\/p>\n\n\n\n<p>Ces derni\u00e8res sont accessibles sur le Site \u00e0 la rubrique \u00ab <strong>Mentions l\u00e9gales<\/strong> \u00bb.<\/p>\n\n\n\n<p><strong>ARTICLE 1 &#8211; L&#8217;EDITEUR<\/strong><\/p>\n\n\n\n<p>L&#8217;\u00e9dition du Site est assur\u00e9e par Brun Guitars SARL au capital de 3000 euros, immatricul\u00e9e au Registre du Commerce et des Soci\u00e9t\u00e9s de Grenoble sous le num\u00e9ro 977661578 dont le si\u00e8ge social est situ\u00e9  38500 Saint Nicolas de Macherin,\u00a0<\/p>\n\n\n\n<p>Num\u00e9ro de t\u00e9l\u00e9phone 0611182063<br>Adresse e-mail : brunguitars@gmail.com<\/p>\n\n\n\n<p>N\u00b0 de TVA intracommunautaire : _______________<\/p>\n\n\n\n<p>Le Directeur de la publication est vincent brun<\/p>\n\n\n\n<p>ci-apr\u00e8s l'&#8221;<strong>Editeur<\/strong>&#8220;.<\/p>\n\n\n\n<p><strong>ARTICLE 2 &#8211; L&#8217;HEBERGEUR<\/strong><\/p>\n\n\n\n<p>L&#8217;h\u00e9bergeur du Site est la soci\u00e9t\u00e9 OVH SAS, dont le si\u00e8ge social est situ\u00e9 au 2, rue Kellermann, 59100 Roubaix.<\/p>\n\n\n\n<p><strong>ARTICLE 3 &#8211; ACCES AU SITE<\/strong><\/p>\n\n\n\n<p>Le Site est accessible en tout endroit, 7j\/7, 24h\/24 sauf cas de force majeure, interruption programm\u00e9e ou non et pouvant d\u00e9coulant d\u2019une n\u00e9cessit\u00e9 de maintenance.<\/p>\n\n\n\n<p>En cas de modification, interruption ou suspension du Site, l&#8217;Editeur ne saurait \u00eatre tenu responsable.<\/p>\n\n\n\n<p><strong>ARTICLE 4 &#8211; CONTENU DU SITE<\/strong><\/p>\n\n\n\n<p>Toutes les marques, photographies, textes, commentaires, illustrations, images anim\u00e9es ou non, s\u00e9quences vid\u00e9o, sons, ainsi que toutes les applications informatiques qui pourraient \u00eatre utilis\u00e9es pour faire fonctionner ce site et plus g\u00e9n\u00e9ralement tous les \u00e9l\u00e9ments reproduits ou utilis\u00e9s sur le sites sont prot\u00e9g\u00e9s par les lois en vigueur au titre de la propri\u00e9t\u00e9 intellectuelle.<\/p>\n\n\n\n<p>Ils sont la propri\u00e9t\u00e9 pleine et enti\u00e8re de l\u2019\u00e9diteur ou de ses partenaires. Toute reproduction, repr\u00e9sentation, utilisation ou adaptation, sous quelque forme que ce soit, de tout ou partie de ces \u00e9l\u00e9ments, y compris les applications informatiques, sans l\u2019accord pr\u00e9alable et \u00e9crit de l\u2019\u00e9diteur, sont strictement interdites. Le fait pour l\u2019\u00e9diteur de ne pas engager de proc\u00e9dure d\u00e8s la prise de connaissance de ces utilisations non autoris\u00e9es ne vaut pas acceptation desdites utilisations et renonciations aux poursuites<\/p>\n\n\n\n<p><strong>ARTICLE 5 &#8211; COLLECTE DES DONNEES<\/strong><\/p>\n\n\n\n<p>Le Site assure \u00e0 l&#8217;Utilisateur une collecte et un traitement d&#8217;informations personnelles dans le respect de la vie priv\u00e9e conform\u00e9ment \u00e0 la loi n\u00b078-17 du 6 janvier 1978 relative \u00e0 l&#8217;informatique, aux fichiers et aux libert\u00e9s.&nbsp;<\/p>\n\n\n\n<p>En vertu de la loi Informatique et Libert\u00e9s, en date du 6 janvier 1978, l&#8217;Utilisateur dispose d&#8217;un droit d&#8217;acc\u00e8s, de rectification, de suppression et d&#8217;opposition de ses donn\u00e9es personnelles. L&#8217;Utilisateur exerce ce droit :<\/p>\n\n\n\n<p>\u00b7 &nbsp; &nbsp; &nbsp; &nbsp; par mail \u00e0 l&#8217;adresse email brunguitars@gmail.com\ufeff<\/p>\n\n\n\n<p>Toute utilisation, reproduction, diffusion, commercialisation, modification de toute ou partie du Site, sans autorisation de l\u2019Editeur est prohib\u00e9e et pourra entra\u00een\u00e9e des actions et poursuites judiciaires telles que notamment pr\u00e9vues par le Code de la propri\u00e9t\u00e9 intellectuelle et le Code civil.<\/p>\n\n\n\n<p><strong>ARTICLE 6 &#8211; OFFRE COMMERCIALES<\/strong><\/p>\n\n\n\n<p>Vous \u00eates susceptibles de recevoir des offres commerciales de l\u2019\u00e9diteur. Si vous ne le souhaitez pas, veuillez contacter l&#8217;\u00e9diteur:&nbsp;brunguitars@gmail.com<\/p>\n\n\n\n<p>Si, lors de la consultation du site, vous acc\u00e9dez \u00e0 des donn\u00e9es \u00e0 caract\u00e8re personnel, vous devez vous abstenir de toute collecte, de toute utilisation non autoris\u00e9e et de tout acte pouvant constituer une atteinte \u00e0 la vie priv\u00e9e ou \u00e0 la r\u00e9putation des personnes.&nbsp;<\/p>\n\n\n\n<p>L\u2019\u00e9diteur d\u00e9cline toute responsabilit\u00e9 \u00e0 cet \u00e9gard.<\/p>\n\n\n\n<p>Les donn\u00e9es sont conserv\u00e9es et utilis\u00e9es pour une dur\u00e9e conforme \u00e0 la l\u00e9gislation en vigueur.<\/p>\n\n\n\n<p><strong>ARTICLE 7 &#8211; PHOTOGRAPHIES ET REPRESENTATION DES PRODUITS<\/strong><\/p>\n\n\n\n<p>Les photographies de produits, accompagnant leur description, ne sont pas contractuelles et n\u2019engage pas l\u2019\u00e9diteur.<\/p>\n\n\n\n<p><strong>ARTICLE 8 &#8211; <\/strong>LOI APPLICABLE<\/p>\n\n\n\n<p>Les pr\u00e9sentes conditions d\u2019utilisation du site sont r\u00e9gies par la loi fran\u00e7aise et soumises \u00e0 la comp\u00e9tence des tribunaux du si\u00e8ge social de l\u2019\u00e9diteur, sous r\u00e9serve d\u2019une attribution de comp\u00e9tence sp\u00e9cifique d\u00e9coulant d\u2019un texte de loi ou r\u00e9glementaire particulier.<\/p>\n\n\n\n<p><\/p>\n\n\n\n<p>Pour plus d\u2019informations, se reporter aux CGV du site boutique.luthierdebutant.com accessible \u00e0 la rubrique &#8220;CGV&#8221;&nbsp;<\/p>\n\n\n\n<p>Pour plus d&#8217;informations en mati\u00e8re de protection des donn\u00e9es \u00e0 caract\u00e8re personnel, se reporter \u00e0 la Charte en mati\u00e8re de protection des donn\u00e9es \u00e0 caract\u00e8re personnel du site boutique.luthierdebutant.com accessible \u00e0 la rubrique &#8220;RGPD&#8221;<br><br>Mod\u00e8le r\u00e9alis\u00e9 sur&nbsp;<a href=\"https:\/\/www.legalplace.fr\/\">LegalPlace.fr<\/a><\/p>\n","protected":false},"excerpt":{"rendered":"<p>Mentions l\u00e9gales En vigueur au 02\/09\/2023 Conform\u00e9ment aux dispositions des Articles 6-III et 19 de la Loi n\u00b02004-575 du 21 juin 2004 pour la Confiance dans l\u2019\u00e9conomie num\u00e9rique, dite L.C.E.N., il est port\u00e9 \u00e0 la connaissance des utilisateurs et visiteurs, ci-apr\u00e8s l&#8221;&#8221;Utilisateur&#8220;, du site boutique.luthierdebutant.com , ci-apr\u00e8s le &#8220;Site&#8220;, les pr\u00e9sentes mentions l\u00e9gales. La connexion [&hellip;]<\/p>\n","protected":false},"author":1,"featured_media":0,"parent":0,"menu_order":0,"comment_status":"closed","ping_status":"closed","template":"","meta":[],"_links":{"self":[{"href":"https:\/\/boutique.luthierdebutant.com\/index.php\/wp-json\/wp\/v2\/pages\/55"}],"collection":[{"href":"https:\/\/boutique.luthierdebutant.com\/index.php\/wp-json\/wp\/v2\/pages"}],"about":[{"href":"https:\/\/boutique.luthierdebutant.com\/index.php\/wp-json\/wp\/v2\/types\/page"}],"author":[{"embeddable":true,"href":"https:\/\/boutique.luthierdebutant.com\/index.php\/wp-json\/wp\/v2\/users\/1"}],"replies":[{"embeddable":true,"href":"https:\/\/boutique.luthierdebutant.com\/index.php\/wp-json\/wp\/v2\/comments?post=55"}],"version-history":[{"count":4,"href":"https:\/\/boutique.luthierdebutant.com\/index.php\/wp-json\/wp\/v2\/pages\/55\/revisions"}],"predecessor-version":[{"id":755,"href":"https:\/\/boutique.luthierdebutant.com\/index.php\/wp-json\/wp\/v2\/pages\/55\/revisions\/755"}],"wp:attachment":[{"href":"https:\/\/boutique.luthierdebutant.com\/index.php\/wp-json\/wp\/v2\/media?parent=55"}],"curies":[{"name":"wp","href":"https:\/\/api.w.org\/{rel}","templated":true}]}}